{"id":4455,"date":"2016-09-21T18:48:14","date_gmt":"2016-09-21T16:48:14","guid":{"rendered":"http:\/\/www.lebenswege.co\/WP\/?page_id=4455"},"modified":"2024-05-12T10:10:05","modified_gmt":"2024-05-12T08:10:05","slug":"trauerreden","status":"publish","type":"page","link":"https:\/\/www.lebenswege.co\/WP\/","title":{"rendered":"start"},"content":{"rendered":"<div id='av_section_1'  class='avia-section main_color avia-section-default avia-no-shadow  avia-bg-style-scroll  avia-builder-el-0  avia-builder-el-no-sibling   container_wrap fullsize' style=' '  ><div class='container' ><main  role=\"main\" itemprop=\"mainContentOfPage\"  class='template-page content  av-content-full alpha units'><div class='post-entry post-entry-type-page post-entry-4455'><div class='entry-content-wrapper clearfix'>\n<div class=\"flex_column av_four_fifth  no_margin flex_column_div av-zero-column-padding first  avia-builder-el-1  el_before_av_one_fifth  avia-builder-el-first  \" style='border-radius:0px; '><div  class='avia-image-container  av-styling-    avia-builder-el-2  avia-builder-el-no-sibling  avia-align-left '  itemprop=\"image\" itemscope=\"itemscope\" itemtype=\"https:\/\/schema.org\/ImageObject\"  ><div class='avia-image-container-inner'><div class='avia-image-overlay-wrap'><img class='avia_image' src='https:\/\/www.lebenswege.co\/WP\/wp-content\/uploads\/18465969_L-1500x994-2.jpg' alt='' title='18465969_L-1500x994' height=\"454\" width=\"1500\"  itemprop=\"thumbnailUrl\"  \/><\/div><\/div><\/div><\/div><div class=\"flex_column av_one_fifth  no_margin flex_column_div av-zero-column-padding   avia-builder-el-3  el_after_av_four_fifth  el_before_av_hr  \" style='border-radius:0px; '><section class=\"av_textblock_section \"  itemscope=\"itemscope\" itemtype=\"https:\/\/schema.org\/CreativeWork\" ><div class='avia_textblock  av_inherit_color '  style='color:#2997ab; '  itemprop=\"text\" ><p class=\"western\" style=\"text-align: right;\"><em><span style=\"color: #2997ab;\">und stellt uns immer wieder vor neue Herausforderungen.<br \/>\nBegeisternde und schwere Wege tun sich auf.<br \/>\nIn den H\u00f6hen und Tiefen m\u00f6chte ich Sie mit Wort und Stimme unterst\u00fctzen, Ihr Leben zu gestalten.<br \/>\n<\/span><\/em><em><span style=\"color: #2997ab;\"><br \/>\nAuthentisch und unverwechselbar.<\/span><\/em><\/p>\n<\/div><\/section><\/div><div  style='height:20px' class='hr hr-invisible   avia-builder-el-5  el_after_av_one_fifth  el_before_av_textblock '><span class='hr-inner ' ><span class='hr-inner-style'><\/span><\/span><\/div>\n<section class=\"av_textblock_section \"  itemscope=\"itemscope\" itemtype=\"https:\/\/schema.org\/CreativeWork\" ><div class='avia_textblock  '  style='font-size:16px; '  itemprop=\"text\" ><h3>Informieren Sie sich gerne \u00fcber meine Angebote:<\/h3>\n<\/div><\/section>\n<div class=\"flex_column av_one_fifth  flex_column_div av-zero-column-padding first  avia-builder-el-7  el_after_av_textblock  el_before_av_one_fifth  column-top-margin\" style='border-radius:0px; '><section class=\"av_textblock_section \"  itemscope=\"itemscope\" itemtype=\"https:\/\/schema.org\/CreativeWork\" ><div class='avia_textblock  '   itemprop=\"text\" ><h5 style=\"text-align: center;\">AKTUELLES<\/h5>\n<\/div><\/section><br \/>\n<div  class='avia-image-container  av-styling-    avia-builder-el-9  el_after_av_textblock  avia-builder-el-last  avia-align-center '  itemprop=\"image\" itemscope=\"itemscope\" itemtype=\"https:\/\/schema.org\/ImageObject\"  ><div class='avia-image-container-inner'><div class='avia-image-overlay-wrap'><a href='https:\/\/www.lebenswege.co\/WP\/portfolio-item\/aktuelles\/' class='avia_image'  ><img class='avia_image ' src='https:\/\/www.lebenswege.co\/WP\/wp-content\/uploads\/Fotolia_69887294_M-180x180.jpg' alt='' title='Collage with musical instruments'  itemprop=\"thumbnailUrl\"  \/><\/a><\/div><\/div><\/div><\/p><\/div><div class=\"flex_column av_one_fifth  flex_column_div av-zero-column-padding   avia-builder-el-10  el_after_av_one_fifth  el_before_av_one_fifth  column-top-margin\" style='border-radius:0px; '><section class=\"av_textblock_section \"  itemscope=\"itemscope\" itemtype=\"https:\/\/schema.org\/CreativeWork\" ><div class='avia_textblock  '   itemprop=\"text\" ><h5 style=\"text-align: center;\">Trauerreden<\/h5>\n<\/div><\/section><br \/>\n<div  class='avia-image-container  av-styling-    avia-builder-el-12  el_after_av_textblock  avia-builder-el-last  avia-align-center '  itemprop=\"image\" itemscope=\"itemscope\" itemtype=\"https:\/\/schema.org\/ImageObject\"  ><div class='avia-image-container-inner'><div class='avia-image-overlay-wrap'><a href='https:\/\/www.lebenswege.co\/WP\/portfolio-item\/abschiedsfeiern\/' class='avia_image'  ><img class='avia_image ' src='https:\/\/www.lebenswege.co\/WP\/wp-content\/uploads\/Weltliche-Trauerfeiern1-180x180.jpg' alt='' title='Weltliche Trauerfeiern1'  itemprop=\"thumbnailUrl\"  \/><\/a><\/div><\/div><\/div><\/p><\/div><div class=\"flex_column av_one_fifth  flex_column_div av-zero-column-padding   avia-builder-el-13  el_after_av_one_fifth  el_before_av_one_fifth  column-top-margin\" style='border-radius:0px; '><section class=\"av_textblock_section \"  itemscope=\"itemscope\" itemtype=\"https:\/\/schema.org\/CreativeWork\" ><div class='avia_textblock  '   itemprop=\"text\" ><h5 style=\"text-align: center;\">Begleitung<\/h5>\n<\/div><\/section><br \/>\n<div  class='avia-image-container  av-styling-    avia-builder-el-15  el_after_av_textblock  avia-builder-el-last  avia-align-center '  itemprop=\"image\" itemscope=\"itemscope\" itemtype=\"https:\/\/schema.org\/ImageObject\"  ><div class='avia-image-container-inner'><div class='avia-image-overlay-wrap'><a href='https:\/\/www.lebenswege.co\/WP\/portfolio-item\/begleitung\/' class='avia_image'  ><img class='avia_image ' src='https:\/\/www.lebenswege.co\/WP\/wp-content\/uploads\/Trauercafe1-180x180.jpg' alt='' title='Trauercafe1'  itemprop=\"thumbnailUrl\"  \/><\/a><\/div><\/div><\/div><\/p><\/div><div class=\"flex_column av_one_fifth  flex_column_div av-zero-column-padding   avia-builder-el-16  el_after_av_one_fifth  el_before_av_one_fifth  column-top-margin\" style='border-radius:0px; '><section class=\"av_textblock_section \"  itemscope=\"itemscope\" itemtype=\"https:\/\/schema.org\/CreativeWork\" ><div class='avia_textblock  '   itemprop=\"text\" ><h5 style=\"text-align: center;\">Stimmkunst<\/h5>\n<\/div><\/section><br \/>\n<div  class='avia-image-container  av-styling-    avia-builder-el-18  el_after_av_textblock  avia-builder-el-last  avia-align-center '  itemprop=\"image\" itemscope=\"itemscope\" itemtype=\"https:\/\/schema.org\/ImageObject\"  ><div class='avia-image-container-inner'><div class='avia-image-overlay-wrap'><a href='https:\/\/www.lebenswege.co\/WP\/portfolio-item\/stimmkunst\/' class='avia_image'  ><img class='avia_image ' src='https:\/\/www.lebenswege.co\/WP\/wp-content\/uploads\/sprechkunst_4-180x180.jpg' alt='' title='SONY DSC'  itemprop=\"thumbnailUrl\"  \/><\/a><\/div><\/div><\/div><\/p><\/div><div class=\"flex_column av_one_fifth  flex_column_div av-zero-column-padding   avia-builder-el-19  el_after_av_one_fifth  avia-builder-el-last  column-top-margin\" style='border-radius:0px; '><section class=\"av_textblock_section \"  itemscope=\"itemscope\" itemtype=\"https:\/\/schema.org\/CreativeWork\" ><div class='avia_textblock  '   itemprop=\"text\" ><h5 style=\"text-align: center;\">Biographien<\/h5>\n<\/div><\/section><br \/>\n<div  class='avia-image-container  av-styling-    avia-builder-el-21  el_after_av_textblock  avia-builder-el-last  avia-align-center '  itemprop=\"image\" itemscope=\"itemscope\" itemtype=\"https:\/\/schema.org\/ImageObject\"  ><div class='avia-image-container-inner'><div class='avia-image-overlay-wrap'><a href='https:\/\/www.lebenswege.co\/WP\/portfolio-item\/biographien\/' class='avia_image'  ><img class='avia_image ' src='https:\/\/www.lebenswege.co\/WP\/wp-content\/uploads\/biographie_4-180x180.jpg' alt='' title='biographie_4'  itemprop=\"thumbnailUrl\"  \/><\/a><\/div><\/div><\/div><\/p><\/div>\n","protected":false},"excerpt":{"rendered":"","protected":false},"author":2,"featured_media":4332,"parent":0,"menu_order":0,"comment_status":"closed","ping_status":"closed","template":"","meta":{"footnotes":""},"class_list":["post-4455","page","type-page","status-publish","has-post-thumbnail","hentry"],"yoast_head":"<!-- This site is optimized with the Yoast SEO plugin v27.2 - https:\/\/yoast.com\/product\/yoast-seo-wordpress\/ -->\n<title>Wort | Begleitung | Stimme - Sylvia Cordie - Lebenswege<\/title>\n<meta name=\"description\" content=\"Trauerreden - Abschiedsfeiergestaltung\" \/>\n<meta name=\"robots\" content=\"index, follow, max-snippet:-1, max-image-preview:large, max-video-preview:-1\" \/>\n<link rel=\"canonical\" href=\"https:\/\/www.lebenswege.co\/WP\/\" \/>\n<meta property=\"og:locale\" content=\"de_DE\" \/>\n<meta property=\"og:type\" content=\"article\" \/>\n<meta property=\"og:title\" content=\"Wort | Begleitung | Stimme - Sylvia Cordie - Lebenswege\" \/>\n<meta property=\"og:description\" content=\"Trauerreden - Abschiedsfeiergestaltung\" \/>\n<meta property=\"og:url\" content=\"https:\/\/www.lebenswege.co\/WP\/\" \/>\n<meta property=\"og:site_name\" content=\"Sylvia Cordie - Lebenswege\" \/>\n<meta property=\"article:modified_time\" content=\"2024-05-12T08:10:05+00:00\" \/>\n<meta property=\"og:image\" content=\"https:\/\/www.lebenswege.co\/WP\/wp-content\/uploads\/18465969_L.jpg\" \/>\n\t<meta property=\"og:image:width\" content=\"2516\" \/>\n\t<meta property=\"og:image:height\" content=\"1667\" \/>\n\t<meta property=\"og:image:type\" content=\"image\/jpeg\" \/>\n<meta name=\"twitter:card\" content=\"summary_large_image\" \/>\n<meta name=\"twitter:label1\" content=\"Gesch\u00e4tzte Lesezeit\" \/>\n\t<meta name=\"twitter:data1\" content=\"3\u00a0Minuten\" \/>\n<script type=\"application\/ld+json\" class=\"yoast-schema-graph\">{\"@context\":\"https:\/\/schema.org\",\"@graph\":[{\"@type\":\"WebPage\",\"@id\":\"https:\/\/www.lebenswege.co\/WP\/\",\"url\":\"https:\/\/www.lebenswege.co\/WP\/\",\"name\":\"Wort | Begleitung | Stimme - Sylvia Cordie - Lebenswege\",\"isPartOf\":{\"@id\":\"https:\/\/www.lebenswege.co\/WP\/#website\"},\"primaryImageOfPage\":{\"@id\":\"https:\/\/www.lebenswege.co\/WP\/#primaryimage\"},\"image\":{\"@id\":\"https:\/\/www.lebenswege.co\/WP\/#primaryimage\"},\"thumbnailUrl\":\"https:\/\/www.lebenswege.co\/WP\/wp-content\/uploads\/18465969_L.jpg\",\"datePublished\":\"2016-09-21T16:48:14+00:00\",\"dateModified\":\"2024-05-12T08:10:05+00:00\",\"description\":\"Trauerreden - Abschiedsfeiergestaltung\",\"breadcrumb\":{\"@id\":\"https:\/\/www.lebenswege.co\/WP\/#breadcrumb\"},\"inLanguage\":\"de\",\"potentialAction\":[{\"@type\":\"ReadAction\",\"target\":[\"https:\/\/www.lebenswege.co\/WP\/\"]}]},{\"@type\":\"ImageObject\",\"inLanguage\":\"de\",\"@id\":\"https:\/\/www.lebenswege.co\/WP\/#primaryimage\",\"url\":\"https:\/\/www.lebenswege.co\/WP\/wp-content\/uploads\/18465969_L.jpg\",\"contentUrl\":\"https:\/\/www.lebenswege.co\/WP\/wp-content\/uploads\/18465969_L.jpg\",\"width\":2516,\"height\":1667},{\"@type\":\"BreadcrumbList\",\"@id\":\"https:\/\/www.lebenswege.co\/WP\/#breadcrumb\",\"itemListElement\":[{\"@type\":\"ListItem\",\"position\":1,\"name\":\"Startseite\",\"item\":\"https:\/\/www.lebenswege.co\/WP\/\"},{\"@type\":\"ListItem\",\"position\":2,\"name\":\"start\"}]},{\"@type\":\"WebSite\",\"@id\":\"https:\/\/www.lebenswege.co\/WP\/#website\",\"url\":\"https:\/\/www.lebenswege.co\/WP\/\",\"name\":\"Sylvia Cordie - Lebenswege - Wort - Begleitung - Stimme\",\"description\":\"Wort | Begleitung | Stimme\",\"publisher\":{\"@id\":\"https:\/\/www.lebenswege.co\/WP\/#\/schema\/person\/d92bed2b60e7c1d5067b038498e78265\"},\"potentialAction\":[{\"@type\":\"SearchAction\",\"target\":{\"@type\":\"EntryPoint\",\"urlTemplate\":\"https:\/\/www.lebenswege.co\/WP\/?s={search_term_string}\"},\"query-input\":{\"@type\":\"PropertyValueSpecification\",\"valueRequired\":true,\"valueName\":\"search_term_string\"}}],\"inLanguage\":\"de\"},{\"@type\":[\"Person\",\"Organization\"],\"@id\":\"https:\/\/www.lebenswege.co\/WP\/#\/schema\/person\/d92bed2b60e7c1d5067b038498e78265\",\"name\":\"Sylvia Cordie\",\"image\":{\"@type\":\"ImageObject\",\"inLanguage\":\"de\",\"@id\":\"https:\/\/www.lebenswege.co\/WP\/wp-content\/uploads\/ichtysbutton_klein.png\",\"url\":\"https:\/\/www.lebenswege.co\/WP\/wp-content\/uploads\/ichtysbutton_klein.png\",\"contentUrl\":\"https:\/\/www.lebenswege.co\/WP\/wp-content\/uploads\/ichtysbutton_klein.png\",\"width\":82,\"height\":82,\"caption\":\"Sylvia Cordie\"},\"logo\":{\"@id\":\"https:\/\/www.lebenswege.co\/WP\/wp-content\/uploads\/ichtysbutton_klein.png\"},\"sameAs\":[\"http:\/\/www.lebenswege.co\"]}]}<\/script>\n<!-- \/ Yoast SEO plugin. -->","yoast_head_json":{"title":"Wort | Begleitung | Stimme - Sylvia Cordie - Lebenswege","description":"Trauerreden - Abschiedsfeiergestaltung","robots":{"index":"index","follow":"follow","max-snippet":"max-snippet:-1","max-image-preview":"max-image-preview:large","max-video-preview":"max-video-preview:-1"},"canonical":"https:\/\/www.lebenswege.co\/WP\/","og_locale":"de_DE","og_type":"article","og_title":"Wort | Begleitung | Stimme - Sylvia Cordie - Lebenswege","og_description":"Trauerreden - Abschiedsfeiergestaltung","og_url":"https:\/\/www.lebenswege.co\/WP\/","og_site_name":"Sylvia Cordie - Lebenswege","article_modified_time":"2024-05-12T08:10:05+00:00","og_image":[{"width":2516,"height":1667,"url":"https:\/\/www.lebenswege.co\/WP\/wp-content\/uploads\/18465969_L.jpg","type":"image\/jpeg"}],"twitter_card":"summary_large_image","twitter_misc":{"Gesch\u00e4tzte Lesezeit":"3\u00a0Minuten"},"schema":{"@context":"https:\/\/schema.org","@graph":[{"@type":"WebPage","@id":"https:\/\/www.lebenswege.co\/WP\/","url":"https:\/\/www.lebenswege.co\/WP\/","name":"Wort | Begleitung | Stimme - Sylvia Cordie - Lebenswege","isPartOf":{"@id":"https:\/\/www.lebenswege.co\/WP\/#website"},"primaryImageOfPage":{"@id":"https:\/\/www.lebenswege.co\/WP\/#primaryimage"},"image":{"@id":"https:\/\/www.lebenswege.co\/WP\/#primaryimage"},"thumbnailUrl":"https:\/\/www.lebenswege.co\/WP\/wp-content\/uploads\/18465969_L.jpg","datePublished":"2016-09-21T16:48:14+00:00","dateModified":"2024-05-12T08:10:05+00:00","description":"Trauerreden - Abschiedsfeiergestaltung","breadcrumb":{"@id":"https:\/\/www.lebenswege.co\/WP\/#breadcrumb"},"inLanguage":"de","potentialAction":[{"@type":"ReadAction","target":["https:\/\/www.lebenswege.co\/WP\/"]}]},{"@type":"ImageObject","inLanguage":"de","@id":"https:\/\/www.lebenswege.co\/WP\/#primaryimage","url":"https:\/\/www.lebenswege.co\/WP\/wp-content\/uploads\/18465969_L.jpg","contentUrl":"https:\/\/www.lebenswege.co\/WP\/wp-content\/uploads\/18465969_L.jpg","width":2516,"height":1667},{"@type":"BreadcrumbList","@id":"https:\/\/www.lebenswege.co\/WP\/#breadcrumb","itemListElement":[{"@type":"ListItem","position":1,"name":"Startseite","item":"https:\/\/www.lebenswege.co\/WP\/"},{"@type":"ListItem","position":2,"name":"start"}]},{"@type":"WebSite","@id":"https:\/\/www.lebenswege.co\/WP\/#website","url":"https:\/\/www.lebenswege.co\/WP\/","name":"Sylvia Cordie - Lebenswege - Wort - Begleitung - Stimme","description":"Wort | Begleitung | Stimme","publisher":{"@id":"https:\/\/www.lebenswege.co\/WP\/#\/schema\/person\/d92bed2b60e7c1d5067b038498e78265"},"potentialAction":[{"@type":"SearchAction","target":{"@type":"EntryPoint","urlTemplate":"https:\/\/www.lebenswege.co\/WP\/?s={search_term_string}"},"query-input":{"@type":"PropertyValueSpecification","valueRequired":true,"valueName":"search_term_string"}}],"inLanguage":"de"},{"@type":["Person","Organization"],"@id":"https:\/\/www.lebenswege.co\/WP\/#\/schema\/person\/d92bed2b60e7c1d5067b038498e78265","name":"Sylvia Cordie","image":{"@type":"ImageObject","inLanguage":"de","@id":"https:\/\/www.lebenswege.co\/WP\/wp-content\/uploads\/ichtysbutton_klein.png","url":"https:\/\/www.lebenswege.co\/WP\/wp-content\/uploads\/ichtysbutton_klein.png","contentUrl":"https:\/\/www.lebenswege.co\/WP\/wp-content\/uploads\/ichtysbutton_klein.png","width":82,"height":82,"caption":"Sylvia Cordie"},"logo":{"@id":"https:\/\/www.lebenswege.co\/WP\/wp-content\/uploads\/ichtysbutton_klein.png"},"sameAs":["http:\/\/www.lebenswege.co"]}]}},"_links":{"self":[{"href":"https:\/\/www.lebenswege.co\/WP\/wp-json\/wp\/v2\/pages\/4455","targetHints":{"allow":["GET"]}}],"collection":[{"href":"https:\/\/www.lebenswege.co\/WP\/wp-json\/wp\/v2\/pages"}],"about":[{"href":"https:\/\/www.lebenswege.co\/WP\/wp-json\/wp\/v2\/types\/page"}],"author":[{"embeddable":true,"href":"https:\/\/www.lebenswege.co\/WP\/wp-json\/wp\/v2\/users\/2"}],"replies":[{"embeddable":true,"href":"https:\/\/www.lebenswege.co\/WP\/wp-json\/wp\/v2\/comments?post=4455"}],"version-history":[{"count":50,"href":"https:\/\/www.lebenswege.co\/WP\/wp-json\/wp\/v2\/pages\/4455\/revisions"}],"predecessor-version":[{"id":4929,"href":"https:\/\/www.lebenswege.co\/WP\/wp-json\/wp\/v2\/pages\/4455\/revisions\/4929"}],"wp:featuredmedia":[{"embeddable":true,"href":"https:\/\/www.lebenswege.co\/WP\/wp-json\/wp\/v2\/media\/4332"}],"wp:attachment":[{"href":"https:\/\/www.lebenswege.co\/WP\/wp-json\/wp\/v2\/media?parent=4455"}],"curies":[{"name":"wp","href":"https:\/\/api.w.org\/{rel}","templated":true}]}}