{"id":4738,"date":"2020-09-23T17:08:37","date_gmt":"2020-09-23T15:08:37","guid":{"rendered":"http:\/\/www.lebenswege.co\/WP\/?page_id=4738"},"modified":"2020-09-23T17:08:38","modified_gmt":"2020-09-23T15:08:38","slug":"datenschutzerklaerung","status":"publish","type":"page","link":"https:\/\/www.lebenswege.co\/WP\/datenschutzerklaerung\/","title":{"rendered":"Datenschutzerkl\u00e4rung"},"content":{"rendered":"\n<p><\/p>\n\n\n<section class=\"av_textblock_section \"  itemscope=\"itemscope\" itemtype=\"https:\/\/schema.org\/CreativeWork\" ><div class='avia_textblock  '   itemprop=\"text\" ><h5>Wer wir sind<\/h5>\n<p>Die Adresse unserer Website ist: https:\/\/www.lebenswege.co\/WP.<\/p>\n<h6>Kommentare<\/h6>\n<p>Wenn Besucher Kommentare auf der Website schreiben, sammeln wir die Daten, die im Kommentar-Formular angezeigt werden, au\u00dferdem die IP-Adresse des Besuchers und den User-Agent-String (damit wird der Browser identifiziert), um die Erkennung von Spam zu unterst\u00fctzen.<\/p>\n<p>Aus deiner E-Mail-Adresse kann eine anonymisierte Zeichenfolge erstellt (auch Hash genannt) und dem Gravatar-Dienst \u00fcbergeben werden, um zu pr\u00fcfen, ob du diesen benutzt. Die Datenschutzerkl\u00e4rung des Gravatar-Dienstes findest du hier: https:\/\/automattic.com\/privacy\/. Nachdem dein Kommentar freigegeben wurde, ist dein Profilbild \u00f6ffentlich im Kontext deines Kommentars sichtbar.<\/p>\n<h6>Cookies<\/h6>\n<p>Wenn du einen Kommentar auf unserer Website schreibst, kann das eine Einwilligung sein, deinen Namen, E-Mail-Adresse und Website in Cookies zu speichern. Dies ist eine Komfortfunktion, damit du nicht, wenn du einen weiteren Kommentar schreibst, all diese Daten erneut eingeben musst. Diese Cookies werden ein Jahr lang gespeichert.<\/p>\n<p>Wenn du einen Kommentar schreibst, wird dieser inklusive Metadaten zeitlich unbegrenzt gespeichert. Auf diese Art k\u00f6nnen wir Folgekommentare automatisch erkennen und freigeben, anstatt sie in einer Moderations-Warteschlange festzuhalten.<\/p>\n<p>Besucher-Kommentare k\u00f6nnten von einem automatisierten Dienst zur Spam-Erkennung untersucht werden.<\/p>\n<\/div><\/section>\n","protected":false},"excerpt":{"rendered":"","protected":false},"author":2,"featured_media":0,"parent":0,"menu_order":0,"comment_status":"closed","ping_status":"closed","template":"","meta":{"footnotes":""},"class_list":["post-4738","page","type-page","status-publish","hentry"],"yoast_head":"<!-- This site is optimized with the Yoast SEO plugin v27.2 - https:\/\/yoast.com\/product\/yoast-seo-wordpress\/ -->\n<title>Datenschutzerkl\u00e4rung - Sylvia Cordie - Lebenswege<\/title>\n<meta name=\"robots\" content=\"index, follow, max-snippet:-1, max-image-preview:large, max-video-preview:-1\" \/>\n<link rel=\"canonical\" href=\"https:\/\/www.lebenswege.co\/WP\/datenschutzerklaerung\/\" \/>\n<meta property=\"og:locale\" content=\"de_DE\" \/>\n<meta property=\"og:type\" content=\"article\" \/>\n<meta property=\"og:title\" content=\"Datenschutzerkl\u00e4rung - Sylvia Cordie - Lebenswege\" \/>\n<meta property=\"og:url\" content=\"https:\/\/www.lebenswege.co\/WP\/datenschutzerklaerung\/\" \/>\n<meta property=\"og:site_name\" content=\"Sylvia Cordie - Lebenswege\" \/>\n<meta property=\"article:modified_time\" content=\"2020-09-23T15:08:38+00:00\" \/>\n<meta name=\"twitter:card\" content=\"summary_large_image\" \/>\n<meta name=\"twitter:label1\" content=\"Gesch\u00e4tzte Lesezeit\" \/>\n\t<meta name=\"twitter:data1\" content=\"1\u00a0Minute\" \/>\n<script type=\"application\/ld+json\" class=\"yoast-schema-graph\">{\"@context\":\"https:\/\/schema.org\",\"@graph\":[{\"@type\":\"WebPage\",\"@id\":\"https:\/\/www.lebenswege.co\/WP\/datenschutzerklaerung\/\",\"url\":\"https:\/\/www.lebenswege.co\/WP\/datenschutzerklaerung\/\",\"name\":\"Datenschutzerkl\u00e4rung - Sylvia Cordie - Lebenswege\",\"isPartOf\":{\"@id\":\"https:\/\/www.lebenswege.co\/WP\/#website\"},\"datePublished\":\"2020-09-23T15:08:37+00:00\",\"dateModified\":\"2020-09-23T15:08:38+00:00\",\"breadcrumb\":{\"@id\":\"https:\/\/www.lebenswege.co\/WP\/datenschutzerklaerung\/#breadcrumb\"},\"inLanguage\":\"de\",\"potentialAction\":[{\"@type\":\"ReadAction\",\"target\":[\"https:\/\/www.lebenswege.co\/WP\/datenschutzerklaerung\/\"]}]},{\"@type\":\"BreadcrumbList\",\"@id\":\"https:\/\/www.lebenswege.co\/WP\/datenschutzerklaerung\/#breadcrumb\",\"itemListElement\":[{\"@type\":\"ListItem\",\"position\":1,\"name\":\"Startseite\",\"item\":\"https:\/\/www.lebenswege.co\/WP\/\"},{\"@type\":\"ListItem\",\"position\":2,\"name\":\"Datenschutzerkl\u00e4rung\"}]},{\"@type\":\"WebSite\",\"@id\":\"https:\/\/www.lebenswege.co\/WP\/#website\",\"url\":\"https:\/\/www.lebenswege.co\/WP\/\",\"name\":\"Sylvia Cordie - Lebenswege - Wort - Begleitung - Stimme\",\"description\":\"Wort | Begleitung | Stimme\",\"publisher\":{\"@id\":\"https:\/\/www.lebenswege.co\/WP\/#\/schema\/person\/d92bed2b60e7c1d5067b038498e78265\"},\"potentialAction\":[{\"@type\":\"SearchAction\",\"target\":{\"@type\":\"EntryPoint\",\"urlTemplate\":\"https:\/\/www.lebenswege.co\/WP\/?s={search_term_string}\"},\"query-input\":{\"@type\":\"PropertyValueSpecification\",\"valueRequired\":true,\"valueName\":\"search_term_string\"}}],\"inLanguage\":\"de\"},{\"@type\":[\"Person\",\"Organization\"],\"@id\":\"https:\/\/www.lebenswege.co\/WP\/#\/schema\/person\/d92bed2b60e7c1d5067b038498e78265\",\"name\":\"Sylvia Cordie\",\"image\":{\"@type\":\"ImageObject\",\"inLanguage\":\"de\",\"@id\":\"https:\/\/www.lebenswege.co\/WP\/wp-content\/uploads\/ichtysbutton_klein.png\",\"url\":\"https:\/\/www.lebenswege.co\/WP\/wp-content\/uploads\/ichtysbutton_klein.png\",\"contentUrl\":\"https:\/\/www.lebenswege.co\/WP\/wp-content\/uploads\/ichtysbutton_klein.png\",\"width\":82,\"height\":82,\"caption\":\"Sylvia Cordie\"},\"logo\":{\"@id\":\"https:\/\/www.lebenswege.co\/WP\/wp-content\/uploads\/ichtysbutton_klein.png\"},\"sameAs\":[\"http:\/\/www.lebenswege.co\"]}]}<\/script>\n<!-- \/ Yoast SEO plugin. -->","yoast_head_json":{"title":"Datenschutzerkl\u00e4rung - Sylvia Cordie - Lebenswege","robots":{"index":"index","follow":"follow","max-snippet":"max-snippet:-1","max-image-preview":"max-image-preview:large","max-video-preview":"max-video-preview:-1"},"canonical":"https:\/\/www.lebenswege.co\/WP\/datenschutzerklaerung\/","og_locale":"de_DE","og_type":"article","og_title":"Datenschutzerkl\u00e4rung - Sylvia Cordie - Lebenswege","og_url":"https:\/\/www.lebenswege.co\/WP\/datenschutzerklaerung\/","og_site_name":"Sylvia Cordie - Lebenswege","article_modified_time":"2020-09-23T15:08:38+00:00","twitter_card":"summary_large_image","twitter_misc":{"Gesch\u00e4tzte Lesezeit":"1\u00a0Minute"},"schema":{"@context":"https:\/\/schema.org","@graph":[{"@type":"WebPage","@id":"https:\/\/www.lebenswege.co\/WP\/datenschutzerklaerung\/","url":"https:\/\/www.lebenswege.co\/WP\/datenschutzerklaerung\/","name":"Datenschutzerkl\u00e4rung - Sylvia Cordie - Lebenswege","isPartOf":{"@id":"https:\/\/www.lebenswege.co\/WP\/#website"},"datePublished":"2020-09-23T15:08:37+00:00","dateModified":"2020-09-23T15:08:38+00:00","breadcrumb":{"@id":"https:\/\/www.lebenswege.co\/WP\/datenschutzerklaerung\/#breadcrumb"},"inLanguage":"de","potentialAction":[{"@type":"ReadAction","target":["https:\/\/www.lebenswege.co\/WP\/datenschutzerklaerung\/"]}]},{"@type":"BreadcrumbList","@id":"https:\/\/www.lebenswege.co\/WP\/datenschutzerklaerung\/#breadcrumb","itemListElement":[{"@type":"ListItem","position":1,"name":"Startseite","item":"https:\/\/www.lebenswege.co\/WP\/"},{"@type":"ListItem","position":2,"name":"Datenschutzerkl\u00e4rung"}]},{"@type":"WebSite","@id":"https:\/\/www.lebenswege.co\/WP\/#website","url":"https:\/\/www.lebenswege.co\/WP\/","name":"Sylvia Cordie - Lebenswege - Wort - Begleitung - Stimme","description":"Wort | Begleitung | Stimme","publisher":{"@id":"https:\/\/www.lebenswege.co\/WP\/#\/schema\/person\/d92bed2b60e7c1d5067b038498e78265"},"potentialAction":[{"@type":"SearchAction","target":{"@type":"EntryPoint","urlTemplate":"https:\/\/www.lebenswege.co\/WP\/?s={search_term_string}"},"query-input":{"@type":"PropertyValueSpecification","valueRequired":true,"valueName":"search_term_string"}}],"inLanguage":"de"},{"@type":["Person","Organization"],"@id":"https:\/\/www.lebenswege.co\/WP\/#\/schema\/person\/d92bed2b60e7c1d5067b038498e78265","name":"Sylvia Cordie","image":{"@type":"ImageObject","inLanguage":"de","@id":"https:\/\/www.lebenswege.co\/WP\/wp-content\/uploads\/ichtysbutton_klein.png","url":"https:\/\/www.lebenswege.co\/WP\/wp-content\/uploads\/ichtysbutton_klein.png","contentUrl":"https:\/\/www.lebenswege.co\/WP\/wp-content\/uploads\/ichtysbutton_klein.png","width":82,"height":82,"caption":"Sylvia Cordie"},"logo":{"@id":"https:\/\/www.lebenswege.co\/WP\/wp-content\/uploads\/ichtysbutton_klein.png"},"sameAs":["http:\/\/www.lebenswege.co"]}]}},"_links":{"self":[{"href":"https:\/\/www.lebenswege.co\/WP\/wp-json\/wp\/v2\/pages\/4738","targetHints":{"allow":["GET"]}}],"collection":[{"href":"https:\/\/www.lebenswege.co\/WP\/wp-json\/wp\/v2\/pages"}],"about":[{"href":"https:\/\/www.lebenswege.co\/WP\/wp-json\/wp\/v2\/types\/page"}],"author":[{"embeddable":true,"href":"https:\/\/www.lebenswege.co\/WP\/wp-json\/wp\/v2\/users\/2"}],"replies":[{"embeddable":true,"href":"https:\/\/www.lebenswege.co\/WP\/wp-json\/wp\/v2\/comments?post=4738"}],"version-history":[{"count":1,"href":"https:\/\/www.lebenswege.co\/WP\/wp-json\/wp\/v2\/pages\/4738\/revisions"}],"predecessor-version":[{"id":4740,"href":"https:\/\/www.lebenswege.co\/WP\/wp-json\/wp\/v2\/pages\/4738\/revisions\/4740"}],"wp:attachment":[{"href":"https:\/\/www.lebenswege.co\/WP\/wp-json\/wp\/v2\/media?parent=4738"}],"curies":[{"name":"wp","href":"https:\/\/api.w.org\/{rel}","templated":true}]}}